{"id":61,"date":"2025-06-28T23:03:53","date_gmt":"2025-06-28T21:03:53","guid":{"rendered":"https:\/\/3gsystems.de\/?page_id=61"},"modified":"2025-06-29T12:47:22","modified_gmt":"2025-06-29T10:47:22","slug":"impressum","status":"publish","type":"page","link":"https:\/\/3gsystems.de\/?page_id=61","title":{"rendered":"Impressum"},"content":{"rendered":"\n<p>3GSYSTEMS<\/p>\n\n\n\n<p><a href=\"https:\/\/drei-g.de\">3G Mobile Communication GmbH<\/a><br>S\u00fcdring 52<br>63834 Sulzbach am Main<\/p>\n\n\n\n<p>Gesch\u00e4ftsf\u00fchrender Gesellschafter: Alexander Gr\u00fcnder<\/p>\n\n\n\n<p>Registergericht: Amtsgericht Aschaffenburg<br>Registernummer: HRB 8564<br>Umsatzsteuer-Identifikationsnummer gem\u00e4\u00df \u00a7 27a Umsatzsteuergesetz: DE 224017234<br>Registrierungsnummer laut deutschem Verpackungsgesetz: DE 3653054182850<\/p>\n\n\n\n<p>Inhaltlich Verantwortlicher: Alexander Gr\u00fcnder (Anschrift wie oben)<\/p>\n\n\n\n<p>e-Mail <a href=\"mailto:info@drei-g.de\">info(at)drei-g.de<\/a><\/p>\n\n\n\n<p>Telefon +49 (0)6021 &#8211; 325100<br>Telefax +49 (0)6021 &#8211; 325101<\/p>\n\n\n\n<p style=\"font-size:22px\">Termine nach Vereinbarung<br><\/p>\n\n\n\n<p style=\"font-size:11px\">Bildquellen:<br><a href=\"https:\/\/sunpropower.com\">https:\/\/sunpropower.com<\/a><br><a href=\"https:\/\/zcsazzurro.com\">https:\/\/zcsazzurro.com<\/a><br><a href=\"https:\/\/pexels.com\">https:\/\/pexels.com<\/a><br><a href=\"https:\/\/www.shopify.com\/stock-photos\">https:\/\/www.shopify.com\/stock-photos<\/a><\/p>\n\n\n\n<p><\/p>\n","protected":false},"excerpt":{"rendered":"<p>3GSYSTEMS 3G Mobile Communication GmbHS\u00fcdring 5263834 Sulzbach am Main Gesch\u00e4ftsf\u00fchrender Gesellschafter: Alexander Gr\u00fcnder Registergericht: Amtsgericht AschaffenburgRegisternummer: HRB 8564Umsatzsteuer-Identifikationsnummer gem\u00e4\u00df \u00a7 27a Umsatzsteuergesetz: DE 224017234Registrierungsnummer laut deutschem Verpackungsgesetz: DE 3653054182850 Inhaltlich Verantwortlicher: Alexander Gr\u00fcnder (Anschrift wie oben) e-Mail info(at)drei-g.de Telefon +49 (0)6021 &#8211; 325100Telefax +49 (0)6021 &#8211; 325101 Termine nach Vereinbarung Bildquellen:https:\/\/sunpropower.comhttps:\/\/zcsazzurro.comhttps:\/\/pexels.comhttps:\/\/www.shopify.com\/stock-photos<\/p>\n","protected":false},"author":1,"featured_media":0,"parent":0,"menu_order":0,"comment_status":"closed","ping_status":"closed","template":"","meta":{"saved_in_kubio":false,"footnotes":""},"class_list":["post-61","page","type-page","status-publish","hentry"],"kubio_ai_page_context":{"short_desc":"","purpose":"general"},"jetpack_sharing_enabled":true,"_links":{"self":[{"href":"https:\/\/3gsystems.de\/index.php?rest_route=\/wp\/v2\/pages\/61","targetHints":{"allow":["GET"]}}],"collection":[{"href":"https:\/\/3gsystems.de\/index.php?rest_route=\/wp\/v2\/pages"}],"about":[{"href":"https:\/\/3gsystems.de\/index.php?rest_route=\/wp\/v2\/types\/page"}],"author":[{"embeddable":true,"href":"https:\/\/3gsystems.de\/index.php?rest_route=\/wp\/v2\/users\/1"}],"replies":[{"embeddable":true,"href":"https:\/\/3gsystems.de\/index.php?rest_route=%2Fwp%2Fv2%2Fcomments&post=61"}],"version-history":[{"count":3,"href":"https:\/\/3gsystems.de\/index.php?rest_route=\/wp\/v2\/pages\/61\/revisions"}],"predecessor-version":[{"id":89,"href":"https:\/\/3gsystems.de\/index.php?rest_route=\/wp\/v2\/pages\/61\/revisions\/89"}],"wp:attachment":[{"href":"https:\/\/3gsystems.de\/index.php?rest_route=%2Fwp%2Fv2%2Fmedia&parent=61"}],"curies":[{"name":"wp","href":"https:\/\/api.w.org\/{rel}","templated":true}]}}